{"id":73,"date":"2022-10-24T00:22:13","date_gmt":"2022-10-24T00:22:13","guid":{"rendered":"https:\/\/www.seales.sv\/?page_id=73"},"modified":"2022-11-21T14:32:41","modified_gmt":"2022-11-21T14:32:41","slug":"nosotros","status":"publish","type":"page","link":"https:\/\/www.seales.sv\/index.php\/nosotros\/","title":{"rendered":"Nosotros"},"content":{"rendered":"<p>[vc_section full_width=&#8221;stretch_row_content&#8221; el_class=&#8221;gradienteFondo&#8221; css=&#8221;.vc_custom_1667231062757{padding-top: 0px !important;padding-right: 0px !important;padding-bottom: 0px !important;padding-left: 0px !important;background-image: url(https:\/\/www.seales.sv\/wp-content\/uploads\/2022\/10\/banner-nosotros-1.png?id=77) !important;background-position: center !important;background-repeat: no-repeat !important;background-size: cover !important;}&#8221;][vc_row el_class=&#8221;gradienteFondo&#8221; css=&#8221;.vc_custom_1667231020500{padding-top: 10% !important;padding-bottom: 10% !important;}&#8221;][vc_column width=&#8221;1\/6&#8243;][\/vc_column][vc_column width=&#8221;2\/3&#8243;][vc_column_text el_class=&#8221;blanco&#8221;]<\/p>\n<h1 style=\"text-align: center;\">Nosotros<\/h1>\n<p>[\/vc_column_text][\/vc_column][vc_column width=&#8221;1\/6&#8243;][\/vc_column][\/vc_row][\/vc_section][vc_section full_width=&#8221;stretch_row_content&#8221; css=&#8221;.vc_custom_1668529100864{margin-bottom: 64px !important;padding-top: 5% !important;padding-right: 5% !important;padding-bottom: 5% !important;padding-left: 5% !important;}&#8221; el_class=&#8221;timelineDesktop&#8221;][vc_row][vc_column css=&#8221;.vc_custom_1668534668618{margin-bottom: 16px !important;padding-top: 24px !important;padding-bottom: 24px !important;}&#8221;][vc_column_text el_class=&#8221;marron&#8221;]<\/p>\n<h3 style=\"text-align: center;\">Nuestra historia<\/h3>\n<p>[\/vc_column_text][\/vc_column][\/vc_row][vc_row][vc_column][vc_raw_html]JTNDZGl2JTIwY2xhc3MlM0QlMjJncmlkTGluZWElMjIlM0UlMEElMjAlMjAlMjAlMjAlM0NkaXYlMjBjbGFzcyUzRCUyMml0ZW0tMDElMjIlM0UlM0NpbWclMjBzcmMlM0QlMjJodHRwJTNBJTJGJTJGd3d3LnNlYWxlcy5zdiUyRndwLWNvbnRlbnQlMkZ1cGxvYWRzJTJGMjAyMiUyRjEwJTJGcGFyYS1saW5lYS1kZS10aWVtcG8ucG5nJTIyJTNFJTNDJTJGZGl2JTNFJTBBJTIwJTIwJTIwJTIwJTNDZGl2JTIwY2xhc3MlM0QlMjJpdGVtLTAyJTIyJTNFJTNDc3Ryb25nJTNFU0VBTEVTJTNDJTJGc3Ryb25nJTNFJTIwZnVlJTIwZnVuZGFkYSUyMGVsJTIwMDglMjBkZSUyMGFicmlsJTIwZGUlMjAlMEElMjAlMjAlMjAlMjAlMjAlMjAlMjAlMjAyMDEzJTIwcG9yJTIwdW4lMjBncnVwbyUyMGRlJTIwJTNDc3Ryb25nJTNFZW50dXNpYXN0YXMlMjAlMEElMjAlMjAlMjAlMjAlMjAlMjAlMjAlMjBlbXByZW5kZWRvcmVzJTJDJTNDJTJGc3Ryb25nJTNFJTIwcHJvZmVzaW9uYWxlcyUyMGRlbCUyMCUwQSUyMCUyMCUyMCUyMCUyMCUyMCUyMCUyMGRlcmVjaG8lMjB5JTIwZGUlMjBhZHVhbmFzJTJDJTIwYWwlMjBpZGVudGlmaWNhciUyMGxhJTIwJTBBJTIwJTIwJTIwJTIwJTIwJTIwJTIwJTIwY3JlY2llbnRlJTIwZGVtYW5kYSUyMHBvc3RlcmlvciUyMGElMjBsYSUyMGZpcm1hJTIwJTBBJTIwJTIwJTIwJTIwJTIwJTIwJTIwJTIwZGUlMjBhY3VlcmRvcyUyMGRlJTIwUGF6JTIweSUyMEZsb3JlY2ltaWVudG8lMjBkZSUyMCUwQSUyMCUyMCUyMCUyMCUyMCUyMCUyMCUyMGxhJTIwRWNvbm9tJUMzJUFEYSUzQyUyRmRpdiUzRSUwQSUyMCUyMCUyMCUyMCUzQ2RpdiUyMGNsYXNzJTNEJTIyaXRlbS0wMyUyMiUzRSUzQ2ltZyUyMHNyYyUzRCUyMmh0dHAlM0ElMkYlMkZ3d3cuc2VhbGVzLnN2JTJGd3AtY29udGVudCUyRnVwbG9hZHMlMkYyMDIyJTJGMTAlMkZwYXJhLWxpbmVhLWRlLXRpZW1wbzIucG5nJTIyJTNFJTNDJTJGZGl2JTNFJTBBJTIwJTIwJTIwJTIwJTNDZGl2JTIwY2xhc3MlM0QlMjJpdGVtLTA0JTIyJTNFJTNDc3Ryb25nJTNFU2UlMjBleHBhbmRlbiUyMG9wZXJhY2lvbmVzJTNDJTJGc3Ryb25nJTNFJTIwYSUyMHRvZGFzJTIwJTBBJTIwJTIwJTIwJTIwJTIwJTIwJTIwJTIwbGFzJTIwZnJvbnRlcmFzJTJDJTIwUmVnJUMzJUFEbWVuZXMlMjBkZSUyMFpvbmFzJTIwJTBBJTIwJTIwJTIwJTIwJTIwJTIwJTIwJTIwRnJhbmNhcyUyQyUyMHBhcnF1ZXMlMjBpbmR1c3RyaWFsZXMlMjB5JTIwJTNDc3Ryb25nJTNFc2UlMjAlMEElMjAlMjAlMjAlMjAlMjAlMjAlMjAlMjBpbXBsZW1lbnRhJTIwbGElMjBmaWd1cmElMjBkZSUyMEltcGxhbnQlM0MlMkZzdHJvbmclM0UlM0MlMkZkaXYlM0UlMEElMjAlMjAlMjAlMjAlM0NkaXYlMjBjbGFzcyUzRCUyMmJhci0wMSUyMiUzRSUwQSUyMCUyMCUyMCUyMCUzQyUyRmRpdiUzRSUwQSUyMCUyMCUyMCUyMCUzQ2RpdiUyMGNsYXNzJTNEJTIyYmFyLWJhbGwlMjIlM0UlMEElMjAlMjAlMjAlMjAlMjAlMjAlMjAlMjAlMjAlM0NpbWclMjBzcmMlM0QlMjJodHRwJTNBJTJGJTJGd3d3LnNlYWxlcy5zdiUyRndwLWNvbnRlbnQlMkZ1cGxvYWRzJTJGMjAyMiUyRjEwJTJGc29sby1jaXJjdWxpdG8ucG5nJTIyJTNFJTBBJTIwJTIwJTIwJTIwJTNDJTJGZGl2JTNFJTBBJTIwJTIwJTIwJTIwJTNDZGl2JTIwY2xhc3MlM0QlMjJpdGVtLTA1JTIyJTNFJTNDaW1nJTIwc3JjJTNEJTIyaHR0cCUzQSUyRiUyRnd3dy5zZWFsZXMuc3YlMkZ3cC1jb250ZW50JTJGdXBsb2FkcyUyRjIwMjIlMkYxMCUyRnBhcmEtbGluZWEtZGUtdGllbXBvMy5wbmclMjIlM0UlM0MlMkZkaXYlM0UlMEElMjAlMjAlMjAlMjAlM0NkaXYlMjBjbGFzcyUzRCUyMml0ZW0tMDYlMjIlM0UlM0NzdHJvbmclM0VTZSUyMGNvbnNvbGlkYSUyMGxhJTIwZXN0cnVjdHVyYSUzQyUyRnN0cm9uZyUzRSUyMHklMjAlMEElMjAlMjAlMjAlMjAlMjAlMjAlMjAlMjBzZSUyMGluY29ycG9yYW4lMjAyJTIwYWdlbnRlcyUyMCUwQSUyMCUyMCUyMCUyMCUyMCUyMCUyMCUyMGFkdWFuZXJvcyUyMGElMjB0aWVtcG8lMjBjb21wbGV0byUyMHNlJTIwaW5pY2lhbiUyMG9wZXJhY2klQzMlQjNuJTIwZW4lMjAlMEElMjAlMjAlMjAlMjAlMjAlMjAlMjAlMjBmcm9udGVyYXMlMjBpbXBvcnRhbnRlcyUyQyUyMCUwQSUyMCUyMCUyMCUyMCUyMCUyMCUyMCUyMEhhY2hhZHVyYSUyQyUyMFBveSUyQyUyMFB1ZXJ0byUyMCUwQSUyMCUyMCUyMCUyMCUyMCUyMCUyMCUyMEFjYWp1dGxhJTIweSUyMEFlcm9wdWVydG8lM0MlMkZkaXYlM0UlMEElMjAlMjAlMjAlMjAlM0NkaXYlMjBjbGFzcyUzRCUyMml0ZW0tMDclMjIlM0UlM0NpbWclMjBzcmMlM0QlMjJodHRwJTNBJTJGJTJGd3d3LnNlYWxlcy5zdiUyRndwLWNvbnRlbnQlMkZ1cGxvYWRzJTJGMjAyMiUyRjEwJTJGcGFyYS1saW5lYS1kZS10aWVtcG80LnBuZyUyMiUzRSUzQyUyRmRpdiUzRSUwQSUyMCUyMCUyMCUyMCUzQ2RpdiUyMGNsYXNzJTNEJTIyaXRlbS0wOCUyMiUzRSUzQ3N0cm9uZyUzRVNFQUxFUyUyMHNlJTIwcmVpbnZlbnRhJTIwJTBBJTIwJTIwJTIwJTIwJTIwJTIwJTIwJTIwbWVkaWFudGUlMjBhdGVuY2klQzMlQjNuJTIwZGUlMjAlMEElMjAlMjAlMjAlMjAlMjAlMjAlMjAlMjBzZWdtZW50b3MlMjBlc3BlYyVDMyVBRGZpY29zJTNDJTJGc3Ryb25nJTNFJTIwY29tbyUyMCUwQSUyMCUyMCUyMCUyMCUyMCUyMCUyMCUyMGxvJTIwc29uJTIwZmxvcmVzJTJDJTIwcmVwdWVzdG9zJTIwJTBBJTIwJTIwJTIwJTIwJTIwJTIwJTIwJTIwYXV0b21vdHJpY2VzJTJDJTIwbWVkaWNhbWVudG9zJTIwJTBBJTIwJTIwJTIwJTIwJTIwJTIwJTIwJTIweSUyMGNvc20lQzMlQTl0aWNvcyUyQyUyMGxpY29yZXMlMkMlMjB0ZXh0aWxlcyUyQyUyMCUwQSUyMCUyMCUyMCUyMCUyMCUyMCUyMCUyMHRlY25vbG9nJUMzJUFEYSUyQyUyMGFwcm92ZWNoYW5kbyUyMGxhJTIwJTBBJTIwJTIwJTIwJTIwJTIwJTIwJTIwJTIwc2ltcGxpZmljYWNpJUMzJUIzbiUyMGltcGxlbWVudGFkYSUyMCUwQSUyMCUyMCUyMCUyMCUyMCUyMCUyMCUyMHBvciUyMGVsJTIwZ29iaWVybm8lM0MlMkZkaXYlM0UlMEElM0MlMkZkaXYlM0U=[\/vc_raw_html][\/vc_column][\/vc_row][\/vc_section][vc_section full_width=&#8221;stretch_row_content&#8221; el_class=&#8221;timelineResponsive&#8221;][vc_row content_placement=&#8221;middle&#8221; css=&#8221;.vc_custom_1669039518778{margin: 0px !important;padding: 0px !important;border: 0px initial !important;}&#8221;][vc_column][vc_column_text el_class=&#8221;marron&#8221;]<\/p>\n<h2 style=\"text-align: center;\">Nuestra historia<\/h2>\n<p>[\/vc_column_text][\/vc_column][\/vc_row][vc_row gap=&#8221;35&#8243; equal_height=&#8221;yes&#8221; content_placement=&#8221;top&#8221; el_class=&#8221;.timelineResponsive&#8221; css=&#8221;.vc_custom_1669039423763{padding-top: 0px !important;padding-right: 5% !important;padding-bottom: 5% !important;padding-left: 5% !important;}&#8221;][vc_column width=&#8221;1\/4&#8243; css=&#8221;.vc_custom_1668535126707{padding-top: 0px !important;padding-right: 0px !important;padding-bottom: 0px !important;padding-left: 0px !important;background-color: #f4f4f4 !important;border-radius: 20px !important;}&#8221;][vc_single_image image=&#8221;244&#8243; alignment=&#8221;center&#8221; css=&#8221;.vc_custom_1669039225656{margin: 0px !important;padding: 0px !important;border: 0px initial !important;}&#8221;][vc_empty_space height=&#8221;8px&#8221;][vc_single_image image=&#8221;97&#8243; img_size=&#8221;100&#215;100&#8243; alignment=&#8221;center&#8221; css=&#8221;.vc_custom_1669039003371{margin-top: 0px !important;margin-right: 0px !important;margin-bottom: 0px !important;margin-left: 0px !important;padding-top: 0px !important;padding-right: 0px !important;padding-bottom: 0px !important;padding-left: 0px !important;}&#8221;][vc_empty_space height=&#8221;8px&#8221;][vc_column_text css=&#8221;.vc_custom_1669038725012{padding-right: 10% !important;padding-left: 10% !important;}&#8221;]<\/p>\n<p style=\"text-align: center; font-size: 12px;\"><strong>SEALES<\/strong> fue fundada el 08 de abril de 2013 por un grupo de <strong>entusiastas emprendedores,<\/strong> profesionales del derecho y de aduanas, al identificar la creciente demanda posterior a la firma de acuerdos de Paz y Florecimiento de la Econom\u00eda<\/p>\n<p>[\/vc_column_text][\/vc_column][vc_column width=&#8221;1\/4&#8243; css=&#8221;.vc_custom_1668535166692{padding-top: 0px !important;padding-right: 0px !important;padding-bottom: 0px !important;padding-left: 0px !important;background-color: #f4f4f4 !important;border-radius: 20px !important;}&#8221;][vc_single_image image=&#8221;166&#8243; alignment=&#8221;center&#8221; css=&#8221;.vc_custom_1669039235205{margin: 0px !important;padding: 0px !important;border: 0px initial !important;}&#8221;][vc_empty_space height=&#8221;8px&#8221;][vc_single_image image=&#8221;99&#8243; img_size=&#8221;100&#215;100&#8243; alignment=&#8221;center&#8221; css=&#8221;.vc_custom_1669039007701{margin-top: 0px !important;margin-right: 0px !important;margin-bottom: 0px !important;margin-left: 0px !important;padding-top: 0px !important;padding-right: 0px !important;padding-bottom: 0px !important;padding-left: 0px !important;}&#8221;][vc_empty_space height=&#8221;8px&#8221;][vc_column_text css=&#8221;.vc_custom_1669039627905{padding-right: 10% !important;padding-left: 10% !important;}&#8221;]<\/p>\n<p style=\"text-align: center; font-size: 12px;\"><strong>Se expanden operaciones<\/strong> a todas las fronteras, Reg\u00edmenes de Zonas Francas, parques industriales y <strong>se implementa la figura de Implant<\/strong><\/p>\n<p>[\/vc_column_text][\/vc_column][vc_column width=&#8221;1\/4&#8243; css=&#8221;.vc_custom_1668535176354{padding-top: 0px !important;padding-right: 0px !important;padding-bottom: 0px !important;padding-left: 0px !important;background-color: #f4f4f4 !important;border-radius: 20px !important;}&#8221;][vc_single_image image=&#8221;245&#8243; alignment=&#8221;center&#8221; css=&#8221;.vc_custom_1669039245083{margin: 0px !important;padding: 0px !important;border: 0px initial !important;}&#8221;][vc_empty_space height=&#8221;8px&#8221;][vc_single_image image=&#8221;98&#8243; img_size=&#8221;100&#215;100&#8243; alignment=&#8221;center&#8221; css=&#8221;.vc_custom_1669039011813{margin-top: 0px !important;margin-right: 0px !important;margin-bottom: 0px !important;margin-left: 0px !important;padding-top: 0px !important;padding-right: 0px !important;padding-bottom: 0px !important;padding-left: 0px !important;}&#8221;][vc_empty_space height=&#8221;8px&#8221;][vc_column_text css=&#8221;.vc_custom_1669038741237{padding-right: 10% !important;padding-left: 10% !important;}&#8221;]<\/p>\n<p style=\"text-align: center; font-size: 12px;\"><strong>Se consolida la estructura<\/strong> y se incorporan 2 agentes aduaneros a tiempo completo se inician operaci\u00f3n en fronteras importantes, Hachadura, Poy, Puerto Acajutla y Aeropuerto<\/p>\n<p>[\/vc_column_text][\/vc_column][vc_column width=&#8221;1\/4&#8243; css=&#8221;.vc_custom_1668535188018{padding-top: 0px !important;padding-right: 0px !important;padding-bottom: 0px !important;padding-left: 0px !important;background-color: #f4f4f4 !important;border-radius: 20px !important;}&#8221;][vc_single_image image=&#8221;168&#8243; alignment=&#8221;center&#8221; css=&#8221;.vc_custom_1669039255757{margin: 0px !important;padding: 0px !important;border: 0px initial !important;}&#8221;][vc_empty_space height=&#8221;8px&#8221;][vc_single_image image=&#8221;100&#8243; img_size=&#8221;100&#215;100&#8243; alignment=&#8221;center&#8221; css=&#8221;.vc_custom_1669039015828{margin-top: 0px !important;margin-right: 0px !important;margin-bottom: 0px !important;margin-left: 0px !important;padding-top: 0px !important;padding-right: 0px !important;padding-bottom: 0px !important;padding-left: 0px !important;}&#8221;][vc_empty_space height=&#8221;8px&#8221;][vc_column_text css=&#8221;.vc_custom_1669038748525{padding-right: 10% !important;padding-left: 10% !important;}&#8221;]<\/p>\n<p style=\"text-align: center; font-size: 12px;\"><strong>SEALES se reinventa mediante atenci\u00f3n de segmentos espec\u00edficos<\/strong> como lo son flores, repuestos automotrices, medicamentos y cosm\u00e9ticos, licores, textiles, tecnolog\u00eda, aprovechando la simplificaci\u00f3n implementada por el gobierno<\/p>\n<p>[\/vc_column_text][\/vc_column][\/vc_row][\/vc_section][vc_section full_width=&#8221;stretch_row_content&#8221; css=&#8221;.vc_custom_1668549752583{padding-top: 5% !important;padding-right: 5% !important;padding-bottom: 5% !important;padding-left: 5% !important;background-color: #8da6c4 !important;}&#8221;][vc_row gap=&#8221;35&#8243; equal_height=&#8221;yes&#8221; css=&#8221;.vc_custom_1668530915661{padding-right: 5% !important;padding-left: 5% !important;}&#8221;][vc_column width=&#8221;1\/2&#8243; css=&#8221;.vc_custom_1668535014840{padding-top: 10% !important;padding-right: 10% !important;padding-bottom: 10% !important;padding-left: 10% !important;background-color: #ededed !important;border-radius: 35px !important;}&#8221;][vc_column_text el_class=&#8221;marron&#8221;]<\/p>\n<h2 style=\"text-align: center;\">Misi\u00f3n<\/h2>\n<p>[\/vc_column_text][vc_column_text]<\/p>\n<p style=\"text-align: center;\">Brindar un servicio <strong>PROFESIONAL<\/strong> en procesos de aduanas, brindando <strong>SOLUCIONES<\/strong> a la medida de nuestros clientes, de forma segura y eficiente.<\/p>\n<p>[\/vc_column_text][\/vc_column][vc_column width=&#8221;1\/2&#8243; css=&#8221;.vc_custom_1668530801671{padding-top: 10% !important;padding-right: 10% !important;padding-bottom: 10% !important;padding-left: 10% !important;background-color: #ededed !important;border-radius: 35px !important;}&#8221;][vc_column_text el_class=&#8221;marron&#8221;]<\/p>\n<h2 style=\"text-align: center;\">Visi\u00f3n<\/h2>\n<p>[\/vc_column_text][vc_column_text]<\/p>\n<p style=\"text-align: center;\">Ser una organizaci\u00f3n reconocida <strong>por la experiencia<\/strong> en el despacho de aduanas que genere soluciones para nuestros clientes, basados en: La excelencia, Mejora Continua, Desarrollo y Respeto a las leyes.<\/p>\n<p>[\/vc_column_text][\/vc_column][\/vc_row][\/vc_section]<\/p>\n","protected":false},"excerpt":{"rendered":"<p>[vc_section full_width=&#8221;stretch_row_content&#8221; el_class=&#8221;gradienteFondo&#8221; css=&#8221;.vc_custom_1667231062757{padding-top: 0px !important;padding-right: 0px !important;padding-bottom: 0px !important;padding-left: 0px !important;background-image: url(https:\/\/www.seales.sv\/wp-content\/uploads\/2022\/10\/banner-nosotros-1.png?id=77) !important;background-position: center !important;background-repeat: no-repeat !important;background-size: cover !important;}&#8221;][vc_row el_class=&#8221;gradienteFondo&#8221; css=&#8221;.vc_custom_1667231020500{padding-top: 10% !important;padding-bottom: 10% !important;}&#8221;][vc_column width=&#8221;1\/6&#8243;][\/vc_column][vc_column width=&#8221;2\/3&#8243;][vc_column_text el_class=&#8221;blanco&#8221;] Nosotros [\/vc_column_text][\/vc_column][vc_column width=&#8221;1\/6&#8243;][\/vc_column][\/vc_row][\/vc_section][vc_section full_width=&#8221;stretch_row_content&#8221; css=&#8221;.vc_custom_1668529100864{margin-bottom: 64px !important;padding-top: 5% !important;padding-right: 5% !important;padding-bottom: 5% !important;padding-left: 5% !important;}&#8221; el_class=&#8221;timelineDesktop&#8221;][vc_row][vc_column css=&#8221;.vc_custom_1668534668618{margin-bottom: 16px !important;padding-top: 24px !important;padding-bottom: 24px !important;}&#8221;][vc_column_text el_class=&#8221;marron&#8221;] Nuestra historia &#8230; <a title=\"Nosotros\" class=\"read-more\" href=\"https:\/\/www.seales.sv\/index.php\/nosotros\/\" aria-label=\"More on Nosotros\">Read more<\/a><\/p>\n","protected":false},"author":1,"featured_media":0,"parent":0,"menu_order":0,"comment_status":"closed","ping_status":"closed","template":"","meta":[],"_links":{"self":[{"href":"https:\/\/www.seales.sv\/index.php\/wp-json\/wp\/v2\/pages\/73"}],"collection":[{"href":"https:\/\/www.seales.sv\/index.php\/wp-json\/wp\/v2\/pages"}],"about":[{"href":"https:\/\/www.seales.sv\/index.php\/wp-json\/wp\/v2\/types\/page"}],"author":[{"embeddable":true,"href":"https:\/\/www.seales.sv\/index.php\/wp-json\/wp\/v2\/users\/1"}],"replies":[{"embeddable":true,"href":"https:\/\/www.seales.sv\/index.php\/wp-json\/wp\/v2\/comments?post=73"}],"version-history":[{"count":52,"href":"https:\/\/www.seales.sv\/index.php\/wp-json\/wp\/v2\/pages\/73\/revisions"}],"predecessor-version":[{"id":608,"href":"https:\/\/www.seales.sv\/index.php\/wp-json\/wp\/v2\/pages\/73\/revisions\/608"}],"wp:attachment":[{"href":"https:\/\/www.seales.sv\/index.php\/wp-json\/wp\/v2\/media?parent=73"}],"curies":[{"name":"wp","href":"https:\/\/api.w.org\/{rel}","templated":true}]}}